{"id":1738,"date":"2026-02-04T17:34:08","date_gmt":"2026-02-04T17:34:08","guid":{"rendered":"https:\/\/www.newsrecorder.ro\/app\/?page_id=1738"},"modified":"2026-02-04T17:44:33","modified_gmt":"2026-02-04T17:44:33","slug":"contact","status":"publish","type":"page","link":"https:\/\/www.newsrecorder.ro\/app\/contact\/","title":{"rendered":"Contact"},"content":{"rendered":"<div class=\"wpb-content-wrapper\"><p>[vc_row][vc_column][vc_column_text]Suntem aici pentru \u00eentreb\u0103ri, sugestii sau colabor\u0103ri.<br data-start=\"186\" data-end=\"189\" \/>Dac\u0103 ai o informa\u021bie relevant\u0103, o propunere editorial\u0103 sau dore\u0219ti s\u0103 ne transmi\u021bi un mesaj, folose\u0219te adresa <strong>contact@newsrecorder.ro<\/strong>, iar echipa <b>NEWS Recorder <\/b>\u00ee\u021bi va r\u0103spunde \u00een cel mai scurt timp posibil.[\/vc_column_text][\/vc_column][\/vc_row][vc_row][vc_column][vc_column_text css=&#8221;&#8221;]<strong>Telefon: <\/strong>+40 743 640 384<\/p>\n<p><strong>Email: <\/strong>contact@newsrecorder.ro \/ publicitate@newsrecorder.ro[\/vc_column_text][\/vc_column][\/vc_row][vc_row][vc_column][vc_column_text css=&#8221;&#8221;]<\/p>\n<h1><strong>Formular de contact<\/strong><\/h1>\n<p>[\/vc_column_text][\/vc_column][\/vc_row][vc_row][vc_column][vc_column_text css=&#8221;&#8221;]<div class=\"forminator-ui forminator-custom-form forminator-custom-form-1716 forminator-design--default  forminator_ajax\" data-forminator-render=\"0\" data-form=\"forminator-module-1716\" data-uid=\"69efb227528e2\"><br\/><\/div><form\n\t\t\t\tid=\"forminator-module-1716\"\n\t\t\t\tclass=\"forminator-ui forminator-custom-form forminator-custom-form-1716 forminator-design--default  forminator_ajax\"\n\t\t\t\tmethod=\"post\"\n\t\t\t\tdata-forminator-render=\"0\"\n\t\t\t\tdata-form-id=\"1716\"\n\t\t\t\t data-color-option=\"theme\" data-design=\"default\" data-grid=\"open\" style=\"display: none;\"\n\t\t\t\tdata-uid=\"69efb227528e2\"\n\t\t\t><div role=\"alert\" aria-live=\"polite\" class=\"forminator-response-message forminator-error\" aria-hidden=\"true\"><\/div><div class=\"forminator-row\"><div id=\"name-1\" class=\"forminator-field-name forminator-col forminator-col-12 \"><div class=\"forminator-field\"><label for=\"forminator-field-name-1_69efb227528e2\" id=\"forminator-field-name-1_69efb227528e2-label\" class=\"forminator-label\">Numele <span class=\"forminator-required\">*<\/span><\/label><input type=\"text\" name=\"name-1\" value=\"\" placeholder=\"\" id=\"forminator-field-name-1_69efb227528e2\" class=\"forminator-input forminator-name--field\" aria-required=\"true\" autocomplete=\"name\" \/><\/div><\/div><\/div><div class=\"forminator-row\"><div id=\"email-1\" class=\"forminator-field-email forminator-col forminator-col-12 \"><div class=\"forminator-field\"><label for=\"forminator-field-email-1_69efb227528e2\" id=\"forminator-field-email-1_69efb227528e2-label\" class=\"forminator-label\">Email <span class=\"forminator-required\">*<\/span><\/label><input type=\"email\" name=\"email-1\" value=\"\" placeholder=\"\" id=\"forminator-field-email-1_69efb227528e2\" class=\"forminator-input forminator-email--field\" data-required=\"true\" aria-required=\"true\" autocomplete=\"email\" \/><\/div><\/div><\/div><div class=\"forminator-row\"><div id=\"textarea-1\" class=\"forminator-field-textarea forminator-col forminator-col-12 \"><div class=\"forminator-field\"><label for=\"forminator-field-textarea-1_69efb227528e2\" id=\"forminator-field-textarea-1_69efb227528e2-label\" class=\"forminator-label\">Mesaj<\/label><span id=\"forminator-field-textarea-1_69efb227528e2-description\" class=\"forminator-description\"><span data-limit=\"180\" data-type=\"characters\" data-editor=\"\">0 \/ 180<\/span><\/span><textarea name=\"textarea-1\" placeholder=\"\" id=\"forminator-field-textarea-1_69efb227528e2\" class=\"forminator-textarea\" rows=\"6\" style=\"min-height:140px;\" maxlength=\"180\" ><\/textarea><\/div><\/div><\/div><input type=\"hidden\" name=\"referer_url\" value=\"\" \/><div class=\"forminator-row forminator-row-last\"><div class=\"forminator-col\"><div class=\"forminator-field\"><button class=\"forminator-button forminator-button-submit\">Trimite mesaj<\/button><\/div><\/div><\/div><input type=\"hidden\" id=\"forminator_nonce\" name=\"forminator_nonce\" value=\"17aa45ded3\" \/><input type=\"hidden\" name=\"_wp_http_referer\" value=\"\/app\/wp-json\/wp\/v2\/pages\/1738\" \/><input type=\"hidden\" name=\"form_id\" value=\"1716\"><input type=\"hidden\" name=\"page_id\" value=\"1738\"><input type=\"hidden\" name=\"form_type\" value=\"default\"><input type=\"hidden\" name=\"current_url\" value=\"https:\/\/www.newsrecorder.ro\/app\/contact\/\"><input type=\"hidden\" name=\"render_id\" value=\"0\"><input type=\"hidden\" name=\"action\" value=\"forminator_submit_form_custom-forms\"><\/form>[\/vc_column_text][\/vc_column][\/vc_row]<\/p>\n<\/div>","protected":false},"excerpt":{"rendered":"<p>[vc_row][vc_column][vc_column_text]Suntem aici pentru \u00eentreb\u0103ri, sugestii sau colabor\u0103ri.Dac\u0103 ai o informa\u021bie relevant\u0103, o propunere editorial\u0103 sau dore\u0219ti s\u0103 ne transmi\u021bi un mesaj, folose\u0219te adresa contact@newsrecorder.ro, iar echipa NEWS Recorder \u00ee\u021bi va r\u0103spunde \u00een cel mai scurt timp posibil.[\/vc_column_text][\/vc_column][\/vc_row][vc_row][vc_column][vc_column_text css=&#8221;&#8221;]Telefon: +40 743 640 384 Email: contact@newsrecorder.ro \/ publicitate@newsrecorder.ro[\/vc_column_text][\/vc_column][\/vc_row][vc_row][vc_column][vc_column_text css=&#8221;&#8221;] Formular de contact [\/vc_column_text][\/vc_column][\/vc_row][vc_row][vc_column][vc_column_text css=&#8221;&#8221;][\/vc_column_text][\/vc_column][\/vc_row]<\/p>\n","protected":false},"author":1,"featured_media":0,"parent":0,"menu_order":0,"comment_status":"closed","ping_status":"closed","template":"","meta":{"jnews_page_loop":{"first_title":"Latest Post","header_type":"heading_6","layout":"right-sidebar","sidebar":"default-sidebar","second_sidebar":"default-sidebar","sticky_sidebar":"1","module":"3","main_custom_image_size":"default","second_custom_image_size":"default","excerpt_length":"20","content_date":"default","date_custom":"Y\/m\/d","content_pagination":"nav_1","pagination_align":"center","post_sticky":"0","post_offset":"0","posts_per_page":"5","sort_by":"latest"},"jnews_single_page":{"layout":"no-sidebar","sidebar":"default-sidebar","second_sidebar":"default-sidebar","sticky_sidebar":"1","show_post_title":"0","show_post_breadcrumbs":"1","show_post_featured":"1","share_position":"hide","share_color":"share-monocrhome"},"footnotes":""},"class_list":["post-1738","page","type-page","status-publish","hentry"],"_links":{"self":[{"href":"https:\/\/www.newsrecorder.ro\/app\/wp-json\/wp\/v2\/pages\/1738","targetHints":{"allow":["GET"]}}],"collection":[{"href":"https:\/\/www.newsrecorder.ro\/app\/wp-json\/wp\/v2\/pages"}],"about":[{"href":"https:\/\/www.newsrecorder.ro\/app\/wp-json\/wp\/v2\/types\/page"}],"author":[{"embeddable":true,"href":"https:\/\/www.newsrecorder.ro\/app\/wp-json\/wp\/v2\/users\/1"}],"replies":[{"embeddable":true,"href":"https:\/\/www.newsrecorder.ro\/app\/wp-json\/wp\/v2\/comments?post=1738"}],"version-history":[{"count":6,"href":"https:\/\/www.newsrecorder.ro\/app\/wp-json\/wp\/v2\/pages\/1738\/revisions"}],"predecessor-version":[{"id":1746,"href":"https:\/\/www.newsrecorder.ro\/app\/wp-json\/wp\/v2\/pages\/1738\/revisions\/1746"}],"wp:attachment":[{"href":"https:\/\/www.newsrecorder.ro\/app\/wp-json\/wp\/v2\/media?parent=1738"}],"curies":[{"name":"wp","href":"https:\/\/api.w.org\/{rel}","templated":true}]}}